{"id":2498,"date":"2021-09-16T07:46:12","date_gmt":"2021-09-16T05:46:12","guid":{"rendered":"https:\/\/www.schiele.de\/?page_id=2498"},"modified":"2022-10-25T10:53:05","modified_gmt":"2022-10-25T08:53:05","slug":"solidahritaet","status":"publish","type":"page","link":"https:\/\/schiele.de\/en\/solidahritaet\/","title":{"rendered":"#SolidAHRit\u00e4t"},"content":{"rendered":"<h1>\n\t\t#SolidAHRit\u00e4t\n\t<\/h1>\n<p>Die Flut am 14. Juli zerst\u00f6rte das Ahrtal und die Zukunft der Ahrtaler.<\/p>\n<p>Vom ersten Tag an hat das Schiele-Team mit allen Firmenbussen vor Ort mit angepackt und den Menschen aktiv geholfen &#8211; mit k\u00f6rperlichem Einsatz und vor allem mit Herz. Hilfe f\u00fcr alle, dort, wo Hilfe gebraucht wurde.<\/p>\n\tWeitere Helfer, Freunde, Familienmitglieder schlossen sich unserem engagierten Helfer-Trupp an. Es wurde ger\u00e4umt, geschaufelt und gearbeitet. K\u00f6rperlich, vor allem aber psychisch sind alle bis zur Belastungsgrenze gegangen. Haben Tolles geleistet.<br \/>\nEs wurde jedem geholfen, der Hilfe gebrauchen konnte &#8211; pragmatisch und zupackend. Viele aus dem Team verbrachten ihren Sommerurlaub an der AHR um Hilfe zu leisten.<br \/>\nOhne gro\u00dfe \u00dcberlegung und einer Selbstverst\u00e4ndlichkeit wurde eine Behelfsunterkunft bei uns eingerichtet, die ab der ersten Nacht bereits genutzt wurde.<br \/>\nUnz\u00e4hlige Hilfsg\u00fcter wurden daf\u00fcr bei uns angeliefert und konnten an Bed\u00fcrftige verteilt werden.<br \/>\nWer nicht vor Ort an der Ahr helfen konnte, fand hier in der Firma vielf\u00e4ltige Aufgaben. Das war z.B. die n\u00e4chtliche Reparatur der defekten Ger\u00e4te, damit diese am n\u00e4chsten Tag wieder einsatzbereit waren. Bunt zusammengew\u00fcrfelte Gruppen haben sich zu Teams entwickelt, von denen jeder wusste, was getan werden muss.\nHilfsmittel, Werkzeuge, Pumpen, Stromaggregate kamen durch die Elektro-Innung des Kreis Ahrweiler zum Einsatz. Organisiert durch den unerm\u00fcdlichen Dominik Tietz.<br \/>\nSein deutschlandweiter Aufruf zur Unterst\u00fctzung hat massiv geholfen, dass im Ahrtal innerhalb k\u00fcrzester Zeit auch in den stark betroffenen Orten Strom wieder verf\u00fcgbar war. Logistische Unterst\u00fctzung wurde durch Frank Simonis, sowie den Vater eines unserer Auszubildenden geleistet, begleitet vom Leiter unseres Technikums, der seinen Urlaub daf\u00fcr aufgewendet hat.<br \/>\nElektriker aus ganz Deutschland sind \u00fcbers Wochenende oder aus dem Urlaub in Richtung Ahr gekommen, um aktiv mitzuarbeiten.<br \/>\nGerne haben wir f\u00fcr die Helden Unterbringung in unserer Firma zu Verf\u00fcgung gestellt. Wir haben eine Vielzahl unglaublich netter und engagierter Menschen kennengelernt.<br \/>\nUnser Schiele-Not-Team hat die Firma f\u00fcr alle anderen, die im Einsatz waren, am Laufen gehalten.<br \/>\n9 Erwachsene, 2 Kinder und 2 Hunde durften wir Unterkunft geben. Familie Gelmaz fand nach 12 Tagen bei uns zu Gast, eine Wohnung in Niederzissen, in der sie herzlich aufgenommen wurden. Das sind gute F\u00fcgungen.\nAus ganz Deutschland wurden neben angeforderten Elektrobauteilen auch Hilfsg\u00fcter aller Art angeliefert. Eine Riege Frauenpower aus Niederzissen \u00fcbernahm die Verantwortung f\u00fcr 46 Paletten Material, die sortiert und dann vor\u00fcbergehend in einer Halle eingelagert wurden. Diese sind zwischenzeitlich bei Hilfsbed\u00fcrftigen angekommen.<br \/>\nWir sagen danke f\u00fcr jede Form der bisher geleisteten Mitarbeit und Unterst\u00fctzung. F\u00fcr den Sonntagseinsatz des LKWs der Spedition Adams, die \u00e4rztliche Betreuung durch Frau Gruber, aber vor allem f\u00fcr das Kennenlernen, die Gespr\u00e4che und das Engagement aller.\nGemeinsam zu helfen schafft eine Gemeinschaft, die gut tut und hilft, die schrecklichen Bilder und Erz\u00e4hlungen zu verdauen und ertragen zu k\u00f6nnen. Helfer wurden hier zu Freunden.<br \/>\nWir haben unglaublich tolle Menschen kennengelernt und bei aller Trauer \u00fcber die Situation im Ahrtal, doch auch Freude in den Gesichtern von Betroffenen, aber auch bei den Helfern gesehen.\n<p><strong>Wir unterst\u00fctzen und helfen auch weiter, denn der Wiederaufbau des wundersch\u00f6nen Ahrtals ist nicht im Sprint zu leisten. Das ist ein Marathon.<\/strong><\/p>\n<p>Hier ein paar Impressionen:<\/p>\n<p>&#8230;\u00a0 Video Dominik Titz und Bilder von uns<\/p>\n<h2>\n\t\tSpenden Sie!\n\t<\/h2>\n\t<p>Wenn auch Sie helfen m\u00f6chten, ist dies in Form von Sachspenden z.B. an das Baustoffzelt in Walporzheim m\u00f6glich. Sie finden nachstehend die Links zu den Organisationsteams der Helfertrupps, sowie Spendenkonten<\/p>\n<p>&nbsp;<\/p>\n<strong>Spendenkonto des Landes Rheinland-Pfalz<br \/>\n<\/strong>DE78 5505 0120 0200 3006 06<br \/>\nBetreff: Katastrophenhilfe Hochwasser\n<strong>Spendenkonto der Kreisverwaltung Ahrweiler<br \/>\n<\/strong>DE86 5775 1310 0000 3394 57 &#8211; Kreissparkasse Ahrweiler<br \/>\nBetreff: Hochwasserhilfe\n<strong>Spendenkonten der Stadt Bad Neuenahr-Ahrweiler<\/strong><br \/>\nDE42 5775 1310 0000 3394 73 &#8211; Kreissparkasse Ahrweiler<br \/>\nDE33 5776 1591 0020 0010 02 &#8211; Volksbank Rhein-Ahr-Eifel<br \/>\nBetreff: Hochwasser\n<strong>Spendenkonten der Stadt Sinzig<br \/>\n<\/strong>DE57 5776 1591 0100 1830 01 &#8211; Volksbank RheinAhrEifel e.G.<br \/>\nBetreff: Flutkatastrophe Sinzig<br \/>\nDE32 5775 1310 0000 3395 56 &#8211; Kreissparkasse Ahrweiler<br \/>\nBetreff: Stadt Sinzig Flutkatastrophe\n<strong>Spendenkonto der Verbandsgemeinde Altenahr<br \/>\n<\/strong>(Orte Kreuzberg, Altenahr, Mayscho\u00df, Rech, Dernau)<br \/>\nDE45 5775 1310 0000 2000 30 &#8211; Kreissparkasse Ahrweiler<br \/>\nBetreff: Katastrophenhilfe Altenahr\n<strong>Spendenkonten der Verbandsgemeinde Adenau<br \/>\n<\/strong>(Orte Insul, Schuld, Antweiler)<br \/>\nDE18 5775 1310 0000 1000 24 &#8211; Kreissparkasse Ahrweiler<br \/>\nDE 55 5776 1591 0600 0220 00 &#8211; Volksbank Rhein-Ahr-Eifel<br \/>\nDE 84 3701 0050 0017 2905 06 &#8211; Postbank K\u00f6ln<br \/>\nDE28 3706 9627 5838 0040 18 &#8211; Raiffeisenbank Voreifel eG<br \/>\nBetreff: Bu\u0308rgerfonds Hochwasser\n<h2>\n\t\tSchiele sagt danke!\n\t<\/h2>\n\t<meta itemprop=\"url\" content=\"https:\/\/schiele.de\/wp-content\/uploads\/2021\/08\/DT_Danke.mp4\" \/><div style=\"width: 640px;\" class=\"wp-video\"><video class=\"wp-video-shortcode\" id=\"video-2498-1\" width=\"640\" height=\"360\" preload=\"metadata\" controls=\"controls\"><source type=\"video\/mp4\" src=\"https:\/\/schiele.de\/wp-content\/uploads\/2021\/08\/DT_Danke.mp4?_=1\" \/><a href=\"https:\/\/schiele.de\/wp-content\/uploads\/2021\/08\/DT_Danke.mp4\">https:\/\/schiele.de\/wp-content\/uploads\/2021\/08\/DT_Danke.mp4<\/a><\/video><\/div>","protected":false},"excerpt":{"rendered":"<p>#SolidAHRit\u00e4t Die Flut am 14. Juli zerst\u00f6rte das Ahrtal und die Zukunft der Ahrtaler. Vom ersten Tag an hat das Schiele-Team mit allen Firmenbussen vor Ort mit angepackt und den Menschen aktiv geholfen &#8211; mit k\u00f6rperlichem Einsatz und vor allem mit Herz. Hilfe f\u00fcr alle, dort, wo Hilfe gebraucht wurde. Weitere Helfer, Freunde, Familienmitglieder schlossen&hellip;<\/p>","protected":false},"author":6,"featured_media":0,"parent":0,"menu_order":0,"comment_status":"closed","ping_status":"closed","template":"","meta":{"_acf_changed":false,"footnotes":""},"class_list":["post-2498","page","type-page","status-publish","hentry"],"acf":[],"_links":{"self":[{"href":"https:\/\/schiele.de\/en\/wp-json\/wp\/v2\/pages\/2498","targetHints":{"allow":["GET"]}}],"collection":[{"href":"https:\/\/schiele.de\/en\/wp-json\/wp\/v2\/pages"}],"about":[{"href":"https:\/\/schiele.de\/en\/wp-json\/wp\/v2\/types\/page"}],"author":[{"embeddable":true,"href":"https:\/\/schiele.de\/en\/wp-json\/wp\/v2\/users\/6"}],"replies":[{"embeddable":true,"href":"https:\/\/schiele.de\/en\/wp-json\/wp\/v2\/comments?post=2498"}],"version-history":[{"count":0,"href":"https:\/\/schiele.de\/en\/wp-json\/wp\/v2\/pages\/2498\/revisions"}],"wp:attachment":[{"href":"https:\/\/schiele.de\/en\/wp-json\/wp\/v2\/media?parent=2498"}],"curies":[{"name":"wp","href":"https:\/\/api.w.org\/{rel}","templated":true}]}}