{"id":2456,"date":"2021-09-14T14:52:46","date_gmt":"2021-09-14T12:52:46","guid":{"rendered":"https:\/\/www.schiele.de\/?page_id=2456"},"modified":"2021-09-23T13:12:09","modified_gmt":"2021-09-23T11:12:09","slug":"ligna-2021","status":"publish","type":"page","link":"https:\/\/schiele.de\/en\/ligna-2021\/","title":{"rendered":"Ligna 2021"},"content":{"rendered":"<img decoding=\"async\" src=\"https:\/\/schiele.de\/wp-content\/uploads\/2021\/09\/ligna-vector-logo-300x300.png\" alt=\"ligna-vector-logo\" itemprop=\"image\" height=\"300\" width=\"300\" title=\"ligna-vector-logo\" onerror=\"this.style.display='none'\"  \/>\n<h1>\n\t\tSchiele at<br>LIGNA 2021\n\t<\/h1>\n\t<p>Special times call for special measures.<\/p>\n<p>We would have liked to talk to you at the LIGNA about the news from SCHIELE. Since this is\nnot yet possible, we have digitally processed our offer and made it available to you.\nWith the product videos as an appetizer, we invite you to a personal conversation with our sales team.<\/p>\n<p><strong>Whether by e-mail, on the phone or in a team meeting - we will make time for you!<\/strong><\/p>\n\t<p>Select one of the adjacent contact persons. Further down you will find the new product videos\nsorted by product type. More detailed information will then be compiled for you individually by our\nsales team after you have contacted us.<\/p>\n\t\t\t\t<img decoding=\"async\" src=\"https:\/\/schiele.de\/wp-content\/uploads\/2021\/09\/ligna-vector-logo-300x300.png\" alt=\"ligna-vector-logo\" itemprop=\"image\" height=\"300\" width=\"300\" title=\"ligna-vector-logo\" onerror=\"this.style.display='none'\"  \/>\n\t\t\t\t<img decoding=\"async\" src=\"https:\/\/schiele.de\/wp-content\/uploads\/2020\/03\/sascha-hammes-1024x682.jpg\" alt=\"sascha-hammes\" itemprop=\"image\" height=\"682\" width=\"1024\" title=\"sascha-hammes\" onerror=\"this.style.display='none'\"  \/>\n\tSascha Hammes<br \/>\n<a href=\"mailto:sascha.hammes@schiele.de\"><strong>sascha.hammes@schiele.de<\/strong><\/a><br \/>\n+49 (0) 2636 &#8211; 9752-0\n\t\t\t\t<img decoding=\"async\" src=\"https:\/\/schiele.de\/wp-content\/uploads\/2020\/03\/Hartmut_Anspr-1024x683.jpg\" alt=\"Hartmut Keuler Schiele\" itemprop=\"image\" height=\"683\" width=\"1024\" title=\"Hartmut Keuler Schiele\" onerror=\"this.style.display='none'\"  \/>\n\tHartmut Keuler<br \/>\n<a href=\"mailto:hartmut.keuler@schiele.de\"><strong>hartmut.keuler@schiele.de<\/strong><\/a><br \/>\n+49 (0) 2636 &#8211; 9752-0\n\t\t\t\t<img decoding=\"async\" src=\"https:\/\/schiele.de\/wp-content\/uploads\/2020\/03\/Stefan_Anspr2-1024x683.jpg\" alt=\"Stefan Schiele\" itemprop=\"image\" height=\"683\" width=\"1024\" title=\"Stefan Schiele\" onerror=\"this.style.display='none'\"  \/>\n\tStefan Schiele<br \/>\n<a href=\"mailto:stefan.schiele@schiele.de\"><strong>stefan.schiele@schiele.de<\/strong><\/a><br \/>\n+49 (0) 2636 &#8211; 9752-0\n<h2>\n\t\tVacumat\n\t<\/h2>\n\t\t\t\t\t\t<img decoding=\"async\" src=\"https:\/\/i.ytimg.com\/vi\/-5KYbz4zxKE\/maxresdefault.jpg\"  \/>\n\t\t\t\t\t\t<img decoding=\"async\" src=\"https:\/\/i.ytimg.com\/vi\/GRJPA3vLn_0\/maxresdefault.jpg\"  \/>\n\t<p>Vacumat MasterCoat<\/p>\n\t\t\t\t\t\t<img decoding=\"async\" src=\"https:\/\/i.ytimg.com\/vi\/0L5liRy-iuA\/maxresdefault.jpg\"  \/>\n\t\t\t\t\t\t<img decoding=\"async\" src=\"https:\/\/i.ytimg.com\/vi\/bZLioIk2fbM\/maxresdefault.jpg\"  \/>\n\t<p>Vacumat EdgeCoat<\/p>\n\t\t\t\t\t\t<img decoding=\"async\" src=\"https:\/\/i.ytimg.com\/vi\/QkfBCMfX-UA\/maxresdefault.jpg\"  \/>\n\t\t\t\t\t\t<img decoding=\"async\" src=\"https:\/\/i.ytimg.com\/vi\/IuDqxI_bs2g\/maxresdefault.jpg\"  \/>\n\t<p>EasyCoater<\/p>\n<h2>\n\t\tTransferDisc\n\t<\/h2>\n\t\t\t\t\t\t<img decoding=\"async\" src=\"https:\/\/i.ytimg.com\/vi\/_x_-mZUuBzU\/maxresdefault.jpg\"  \/>\n\t\t\t\t\t\t<img decoding=\"async\" src=\"https:\/\/i.ytimg.com\/vi\/y-WXa4jtf2I\/maxresdefault.jpg\"  \/>\n\t<p>TransferDisc Sealing<\/p>\n\t\t\t\t\t\t<img decoding=\"async\" src=\"https:\/\/i.ytimg.com\/vi\/96RodQyiITQ\/maxresdefault.jpg\"  \/>\n\t\t\t\t\t\t<img decoding=\"async\" src=\"https:\/\/i.ytimg.com\/vi\/ZRugvYZvb6Y\/maxresdefault.jpg\"  \/>\n\t<p>TransferDisc Beveled Edge<\/p>\n\t\t\t\t\t\t<img decoding=\"async\" src=\"https:\/\/i.ytimg.com\/vi\/Y-TSP6YLF88\/maxresdefault.jpg\"  \/>\n\t\t\t\t\t\t<img decoding=\"async\" src=\"https:\/\/i.ytimg.com\/vi\/axZBnibAo6k\/maxresdefault.jpg\"  \/>\n\t<p>TransferDisc Centre Bevel<\/p>\n<h2>\n\t\tImpregmat\n\t<\/h2>\n\t\t\t\t\t\t<img decoding=\"async\" src=\"https:\/\/i.ytimg.com\/vi\/NOLXgoWc1Mw\/maxresdefault.jpg\"  \/>\n\t\t\t\t\t\t<img decoding=\"async\" src=\"https:\/\/i.ytimg.com\/vi\/np3RQNrY9mw\/maxresdefault.jpg\"  \/>\n\t<p>Impregmat Aquapaint<\/p>\n<h2>\n\t\tTransport-System\n\t<\/h2>\n\t\t\t\t\t\t<img decoding=\"async\" src=\"https:\/\/i.ytimg.com\/vi\/OysJkRf7Kvo\/maxresdefault.jpg\"  \/>\n\t\t\t\t\t\t<img decoding=\"async\" src=\"https:\/\/i.ytimg.com\/vi\/hQbZcVmnhGY\/maxresdefault.jpg\"  \/>\n\t<p>Transport System FuBo Flex<\/p>","protected":false},"excerpt":{"rendered":"<p>Schiele auf derLIGNA 2021 Besondere Zeiten erfordern besondere Ma\u00dfnahmen. Gerne h\u00e4tten wir uns mit Ihnen auf der LIGNA \u00fcber die Neuigkeiten aus dem Hause SCHIELE unterhalten. Da dies aktuell so noch nicht m\u00f6glich ist, haben wir unser Angebot digital aufgearbeitet und f\u00fcr Sie bereitgestellt. Mit den Produktvideos als Appetithappen laden wir Sie zu einem pers\u00f6nlichen&hellip;<\/p>","protected":false},"author":6,"featured_media":0,"parent":0,"menu_order":0,"comment_status":"closed","ping_status":"closed","template":"","meta":{"_acf_changed":false,"footnotes":""},"class_list":["post-2456","page","type-page","status-publish","hentry"],"acf":[],"_links":{"self":[{"href":"https:\/\/schiele.de\/en\/wp-json\/wp\/v2\/pages\/2456","targetHints":{"allow":["GET"]}}],"collection":[{"href":"https:\/\/schiele.de\/en\/wp-json\/wp\/v2\/pages"}],"about":[{"href":"https:\/\/schiele.de\/en\/wp-json\/wp\/v2\/types\/page"}],"author":[{"embeddable":true,"href":"https:\/\/schiele.de\/en\/wp-json\/wp\/v2\/users\/6"}],"replies":[{"embeddable":true,"href":"https:\/\/schiele.de\/en\/wp-json\/wp\/v2\/comments?post=2456"}],"version-history":[{"count":0,"href":"https:\/\/schiele.de\/en\/wp-json\/wp\/v2\/pages\/2456\/revisions"}],"wp:attachment":[{"href":"https:\/\/schiele.de\/en\/wp-json\/wp\/v2\/media?parent=2456"}],"curies":[{"name":"wp","href":"https:\/\/api.w.org\/{rel}","templated":true}]}}