{"id":15,"date":"2020-02-06T21:59:52","date_gmt":"2020-02-06T20:59:52","guid":{"rendered":"https:\/\/www.schiele.de\/?page_id=15"},"modified":"2025-05-21T10:06:05","modified_gmt":"2025-05-21T08:06:05","slug":"home-2","status":"publish","type":"page","link":"https:\/\/schiele.de\/en\/","title":{"rendered":"Startseite"},"content":{"rendered":"<p> <img decoding=\"async\" title=\"vacumat-logo-neu\" src=\"https:\/\/schiele.de\/wp-content\/uploads\/2020\/03\/vacumat-logo-neu.png\" alt=\"vacumat-logo-neu\" width=\"500\" height=\"165\" \/> Vacuum coating of profile elements and surfaces without waste or overspray, independent of profile.<br \/>The brilliant invention of Schiele\u2019s founder. <a href=\"https:\/\/schiele.de\/produkte\/vacumat\/\" target=\"_self\"> Vacumat\u00ae <\/a> <img decoding=\"async\" title=\"transferdisc-logo-neu\" src=\"https:\/\/schiele.de\/wp-content\/uploads\/2020\/03\/transferdisc-logo-neu.png\" alt=\"transferdisc-logo-neu\" width=\"558\" height=\"95\" \/> The most effective way of edge coating. Highest precision in coating. No comparison can match its accuracy.<br \/>Precision engineer. <a href=\"https:\/\/schiele.de\/produkte\/transferdisk\/\" target=\"_self\"> Transferdisc <\/a> <img decoding=\"async\" title=\"impraegmat-logo-neu\" src=\"https:\/\/schiele.de\/wp-content\/uploads\/2020\/03\/impraegmat-logo-neu.png\" alt=\"impraegmat-logo-neu\" width=\"553\" height=\"95\" \/> Seit Jahrzehnten der Beschichter auf der Fl\u00e4che &#8211; jenseits jeglichen Standardprogramms.<br \/>Maschine &#8211; Modell Arbeitstier. <a href=\"https:\/\/schiele.de\/produkte\/impregmat\/\" target=\"_self\"> Impregmat\u00ae <\/a> <img decoding=\"async\" title=\"transportsysteme-weiss\" src=\"https:\/\/schiele.de\/wp-content\/uploads\/2020\/04\/transportsystems-weiss.png\" alt=\"transportsysteme-weiss\" width=\"777\" height=\"95\" \/> Only with the concluding and safe transport, angular transfer and overflow will the optimal coating preserve perfectly.<br \/>We convey your product. <a href=\"https:\/\/schiele.de\/produkte\/transportsysteme\/\" target=\"_self\"> Transportsystems <\/a> <img decoding=\"async\" title=\"service-logo2\" src=\"https:\/\/schiele.de\/wp-content\/uploads\/2020\/04\/service-logo2.png\" alt=\"service-logo2\" width=\"348\" height=\"91\" \/> We will come to your machine. Given our proximity to the transportation hubs of K\u00f6ln\/Bonn and Frankfurt airports, railways, and motorways, we can be with you shortly.<br \/>We are \u2013 nationally and internationally \u2013 on the way to you. <a href=\"https:\/\/schiele.de\/service\/\" target=\"_self\"> Services <\/a><\/p>\r\n<p>Inventive craftsmen<\/p>\r\n<p>New tasks and ideas are constantly turned into reality. We have an in-depth understanding of surface treatment which enables our team to find the best solutions for our clients.<\/p>\r\n<p><a href=\"https:\/\/schiele.de\/ueber-uns\/\" target=\"_self\"> About Schiele <\/a><\/p>\r\n<h2>Blue-Tech-News<\/h2>\r\n<p><a href=\"https:\/\/schiele.de\/aktuelles\/\" target=\"_self\"> Zeige alle Beitr\u00e4ge <\/a><\/p>","protected":false},"excerpt":{"rendered":"<p>Verlust- und oversprayfreie, profilunabh\u00e4ngige Vakuum-Beschichtung von Profilelementen und Fl\u00e4chen.Die geniale Patentierung des Firmengr\u00fcnders. Vacumat\u00ae Die effektivste Art der Minifasenlackierung. H\u00f6chste Pr\u00e4zision bei der Lackierung. Kein Vergleich h\u00e4lt der Genauigkeit stand.Feinstmechaniker. Transferdisc Seit Jahrzehnten der Beschichter auf der Fl\u00e4che &#8211; jenseits jeglichen Standardprogramms.Maschine &#8211; Modell Arbeitstier. Impregmat\u00ae Nur mit dem abschliessenden sicheren Transport,\u00a0Winkelu\u0308bergaben und \u00dcberhebern bleibt\u00a0die&hellip;<\/p>","protected":false},"author":6,"featured_media":0,"parent":0,"menu_order":0,"comment_status":"closed","ping_status":"closed","template":"","meta":{"_acf_changed":false,"footnotes":""},"class_list":["post-15","page","type-page","status-publish","hentry"],"acf":[],"_links":{"self":[{"href":"https:\/\/schiele.de\/en\/wp-json\/wp\/v2\/pages\/15","targetHints":{"allow":["GET"]}}],"collection":[{"href":"https:\/\/schiele.de\/en\/wp-json\/wp\/v2\/pages"}],"about":[{"href":"https:\/\/schiele.de\/en\/wp-json\/wp\/v2\/types\/page"}],"author":[{"embeddable":true,"href":"https:\/\/schiele.de\/en\/wp-json\/wp\/v2\/users\/6"}],"replies":[{"embeddable":true,"href":"https:\/\/schiele.de\/en\/wp-json\/wp\/v2\/comments?post=15"}],"version-history":[{"count":13,"href":"https:\/\/schiele.de\/en\/wp-json\/wp\/v2\/pages\/15\/revisions"}],"predecessor-version":[{"id":3540,"href":"https:\/\/schiele.de\/en\/wp-json\/wp\/v2\/pages\/15\/revisions\/3540"}],"wp:attachment":[{"href":"https:\/\/schiele.de\/en\/wp-json\/wp\/v2\/media?parent=15"}],"curies":[{"name":"wp","href":"https:\/\/api.w.org\/{rel}","templated":true}]}}