{"id":1386,"date":"2020-03-06T09:31:33","date_gmt":"2020-03-06T08:31:33","guid":{"rendered":"https:\/\/www.schiele.de\/?page_id=1386"},"modified":"2025-06-04T14:36:54","modified_gmt":"2025-06-04T12:36:54","slug":"technikum","status":"publish","type":"page","link":"https:\/\/schiele.de\/en\/technikum\/","title":{"rendered":"Test lab"},"content":{"rendered":"<h1>Test lab<br \/>Summa cum laude<\/h1>\r\n<p><a target=\"_self\"> Test lab <\/a><\/p>\r\n<p>Bringing you here - is our goal \u2013 as only here you can see and experience the coating of your products before buying an application. We accompany you in your task and share our knowledge and expertise with you. Our internal knowledge management ensures that the best possible solution will be designed for you. Experience is our groundwork.<\/p>\r\n<h3>Coating and machine as mixed doubles<\/h3>\r\n<p>Welches Medium man mit welcher Technik aufbringt ist das, was ihr Kunde sieht und was er letztendlich erh\u00e4lt. Wir probieren was m\u00f6glich ist. Damit das Zusammenspiel Auftrag &#8211; Maschine im Doppel perfekt harmoniert, wird nichts dem Zufall \u00fcberlassen. Rezeptur und Maschinenanforderung werden im Technikum aufeinander abgestimmt und optimiert. Damit im Produktionsstart die Komponenten stark Hand in Hand arbeiten.<\/p>\r\n<h3>Versatility test<\/h3>\r\n<p>Ausprobieren geht \u00fcber vermuten. Alle Anwendungen mit Vacumat\u00ae, Impregmat\u00ae und TransferDisc stehen im Technikum testbereit. Applikation auf den Maschinen und Sonderaufbauten, sowie noch nicht ausprobierte Anwendungen fordern heraus. Wir zeigen Kante&#8230;.. aber auch vollfl\u00e4chige Lackierungen.<\/p>\r\n<h3>Development<br \/>opportunities<\/h3>\r\n<p>\u201eWas nicht ist, kann ja noch werden.&#8220; Daf\u00fcr brauchen wir aber Ihre Herausforderung. Verr\u00fcckte Idee? Herzlich Willkommen.<\/p>\r\n<h2>Kontakt Technikum<\/h2>\r\n<form action=\"\"><input name=\"fl-layout-id\" type=\"hidden\" value=\"1386\" \/> <label for=\"pp-name-\">Name<\/label> Bitte gib Deinen Namen ein. <input id=\"pp-name-\" name=\"pp-name\" type=\"text\" value=\"\" \/> <label for=\"pp-email-\">E-Mail<\/label> Bitte gib eine valide E-Mail Adresse an. <input id=\"pp-email-\" name=\"pp-email\" type=\"email\" value=\"\" \/> <label for=\"pp-phone-\">Phone<\/label> Bitte gib eine g\u00fcltige Telefonnummer an. <input id=\"pp-phone-\" name=\"pp-phone\" type=\"tel\" value=\"\" \/> <label for=\"pp-message-\">Your Message<\/label> Please type your message. <textarea id=\"pp-message-\" name=\"pp-message\"><\/textarea> <input id=\"pp-checkbox_\" name=\"pp-checkbox\" type=\"checkbox\" value=\"1\" \/> <label for=\"pp-checkbox_\">I am aware that my data information will be saved from this form.<\/label> Please check this field. <a role=\"button\" href=\"#\" target=\"_self\"> SEND <\/a> Nachricht gesendet! Versand fehlgeschlagen. Bitte versuche es noch einmal.<input type=\"hidden\" name=\"trp-form-language\" value=\"en\"\/><\/form>\r\n<h2>Contact Person<\/h2>","protected":false},"excerpt":{"rendered":"<p>TechnikumSumma cum laude Technikum Im Schiele Technikum sehen und erleben Sie im Testlauf die Beschichtung Ihrer Produkte, bevor die Maschine bei Ihnen produziert. Beim L\u00f6sen der individuellen Aufgabe testen die Schiele Techniker bis zur Freigabe. Das interne Wissensmanagement stellt sicher, dass die bestm\u00f6gliche L\u00f6sung konzipiert wird. Unser Pfund an Erfahrung tr\u00e4gt die Qualit\u00e4t und gibt&hellip;<\/p>","protected":false},"author":6,"featured_media":0,"parent":0,"menu_order":0,"comment_status":"closed","ping_status":"closed","template":"","meta":{"_acf_changed":false,"footnotes":""},"class_list":["post-1386","page","type-page","status-publish","hentry"],"acf":[],"_links":{"self":[{"href":"https:\/\/schiele.de\/en\/wp-json\/wp\/v2\/pages\/1386","targetHints":{"allow":["GET"]}}],"collection":[{"href":"https:\/\/schiele.de\/en\/wp-json\/wp\/v2\/pages"}],"about":[{"href":"https:\/\/schiele.de\/en\/wp-json\/wp\/v2\/types\/page"}],"author":[{"embeddable":true,"href":"https:\/\/schiele.de\/en\/wp-json\/wp\/v2\/users\/6"}],"replies":[{"embeddable":true,"href":"https:\/\/schiele.de\/en\/wp-json\/wp\/v2\/comments?post=1386"}],"version-history":[{"count":8,"href":"https:\/\/schiele.de\/en\/wp-json\/wp\/v2\/pages\/1386\/revisions"}],"predecessor-version":[{"id":3553,"href":"https:\/\/schiele.de\/en\/wp-json\/wp\/v2\/pages\/1386\/revisions\/3553"}],"wp:attachment":[{"href":"https:\/\/schiele.de\/en\/wp-json\/wp\/v2\/media?parent=1386"}],"curies":[{"name":"wp","href":"https:\/\/api.w.org\/{rel}","templated":true}]}}