{"id":1162,"date":"2020-02-28T11:01:05","date_gmt":"2020-02-28T10:01:05","guid":{"rendered":"https:\/\/www.schiele.de\/?page_id=1162"},"modified":"2025-06-04T15:07:24","modified_gmt":"2025-06-04T13:07:24","slug":"service","status":"publish","type":"page","link":"https:\/\/schiele.de\/en\/service\/","title":{"rendered":"Services"},"content":{"rendered":"<h1>\n\t\t\tOur service\t<\/h1>\n\t\t\t<a href=\"\" target=\"_self\">\n\t\t\t\t\t\t\tServices\n\t\t\t\t\t<\/a>\n\t<p>Experience lived service and values off the beaten tracks. We make no compromises in our service: Insourcing instead of outsourcing. Our knowledge is continuously shared, fed, maintained and checked within our organisation. We have no call centres or hired service technicians in our plant in Niederzissen, only qualified in-house employees that care and support you in your request.<\/p>\n<h2>\n\t\t\tInstallation\t<\/h2>\n\t<p>Klasse Maschine &#8211; saubere Installation. Langj\u00e4hrig bei uns geschult und t\u00e4glich in Kontakt mit der Verfahrenstechnik liefert unsere Service-Flotte das, was Sie erwarten &#8211; professionelle, handwerklich korrekte Montage, Inbetriebnahme und Einweisung &#8211; international f\u00fcr Sie unterwegs.<\/p>\n<h2>\n\t\t\tMaintenance\t<\/h2>\n\t<p>Damit es l\u00e4uft wie geschmiert, auch noch nach Jahren. Wartung durch den, der die Technik entwickelt, baut und installiert. Mit Fernwartungsmodulen schauen wir bei Bedarf direkt ins Herz der Anlage und helfen schnell, wenn&#8217;s mal klemmt.<\/p>\n<h2>\n\t\t\tSpare parts\t<\/h2>\n\t<p>Properly documented, you can order spare and wear parts easily according to the specifications from the instruction manual. The needed item is quickly packed in our warehouse and is sent off to you.<\/p>\n<h2>\n\t\t\tTest lab\t<\/h2>\n\t<p>Ihre Anwendungen bilden wir in unserem Technikum nach und lassen Sie den Nutzen erleben. Musterfertigung, Demonstration live vor Ort oder per Video-Konferenz zeigen Ihnen die M\u00f6glichkeiten unserer Entwicklungen. Nicht nur Verkaufsraum und Ort von individuellen \u201eProbefahrten&#8220;. Auch Forschungslabor f\u00fcr das, was wir schon in K\u00fcrze anbieten k\u00f6nnen.<\/p>\n<h2>\n\t\t\tContact\t<\/h2>\n<form action=\"\">\n\t<input type=\"hidden\" name=\"fl-layout-id\" value=\"1162\" \/>\n    \t\t<label for=\"pp-name-\">Name<\/label>\n    \t\tBitte gib Deinen Namen ein.\n    \t\t<input type=\"text\" name=\"pp-name\" id=\"pp-name-\" value=\"\"  \/>\n    \t\t<label for=\"pp-email-\">E-Mail<\/label>\n    \t\tBitte gib eine valide E-Mail Adresse an.\n    \t\t<input type=\"email\" name=\"pp-email\" id=\"pp-email-\" value=\"\"  \/>\n    \t\t<label for=\"pp-phone-\">Phone<\/label>\n    \t\tBitte gib eine g\u00fcltige Telefonnummer an.\n    \t\t<input type=\"tel\" name=\"pp-phone\" id=\"pp-phone-\" value=\"\"  \/>\n    \t\t<label for=\"pp-message-\">Your Message<\/label>\n    \t\tPlease type your message.\n    \t\t<textarea name=\"pp-message\" id=\"pp-message-\"><\/textarea>\n\t\t<input type=\"checkbox\" name=\"pp-checkbox\" id=\"pp-checkbox_\" value=\"1\" \/>\n\t\t<label for=\"pp-checkbox_\">I am aware that my data information will be saved from this form.<\/label>\n\t\tPlease check this field.\n    \t<a href=\"#\" target=\"_self\" role=\"button\">\n    \t\t    \t\t    \t\tSEND\n    \t\t    \t\t    \t<\/a>\n\t\t\tNachricht gesendet!\n\t\t\tVersand fehlgeschlagen. Bitte versuche es noch einmal.\n<input type=\"hidden\" name=\"trp-form-language\" value=\"en\"\/><\/form>\n<h2>\n\t\t\tContact Person\t<\/h2>","protected":false},"excerpt":{"rendered":"<p>Unser Service Service Gelebten Service erleben abseits der eingefahrenen Wege. Im Service keine Kompromisse: Insourcing statt Outsourcing. Unser Wissen wird intern geteilt, gef\u00fcttert, gepflegt und st\u00e4ndig gepr\u00fcft. Bei uns gibt es keine Call-Center oder gemieteten Servicetechniker, nur K\u00fcmmerer und Erlediger mit Homebase im Werk Niederzissen. Montage Klasse Maschine &#8211; saubere Installation. Langj\u00e4hrig bei uns geschult&hellip;<\/p>","protected":false},"author":6,"featured_media":0,"parent":0,"menu_order":0,"comment_status":"closed","ping_status":"closed","template":"","meta":{"_acf_changed":false,"footnotes":""},"class_list":["post-1162","page","type-page","status-publish","hentry"],"acf":[],"_links":{"self":[{"href":"https:\/\/schiele.de\/en\/wp-json\/wp\/v2\/pages\/1162","targetHints":{"allow":["GET"]}}],"collection":[{"href":"https:\/\/schiele.de\/en\/wp-json\/wp\/v2\/pages"}],"about":[{"href":"https:\/\/schiele.de\/en\/wp-json\/wp\/v2\/types\/page"}],"author":[{"embeddable":true,"href":"https:\/\/schiele.de\/en\/wp-json\/wp\/v2\/users\/6"}],"replies":[{"embeddable":true,"href":"https:\/\/schiele.de\/en\/wp-json\/wp\/v2\/comments?post=1162"}],"version-history":[{"count":5,"href":"https:\/\/schiele.de\/en\/wp-json\/wp\/v2\/pages\/1162\/revisions"}],"predecessor-version":[{"id":3558,"href":"https:\/\/schiele.de\/en\/wp-json\/wp\/v2\/pages\/1162\/revisions\/3558"}],"wp:attachment":[{"href":"https:\/\/schiele.de\/en\/wp-json\/wp\/v2\/media?parent=1162"}],"curies":[{"name":"wp","href":"https:\/\/api.w.org\/{rel}","templated":true}]}}