{"id":148,"date":"2020-02-07T09:38:24","date_gmt":"2020-02-07T08:38:24","guid":{"rendered":"https:\/\/www.schiele.de\/?page_id=148"},"modified":"2024-12-17T14:15:52","modified_gmt":"2024-12-17T13:15:52","slug":"ueber-uns","status":"publish","type":"page","link":"http:\/\/schiele.de\/en\/ueber-uns\/","title":{"rendered":"About Schiele"},"content":{"rendered":"<h1>\n\t\tWe are Schiele\n\t<\/h1>\n\t\t\t<a href=\"\" target=\"_self\">\n\t\t\t\t\t\t\tAbout us\n\t\t\t\t\t<\/a>\n\t<p>Bei Familienunternehmen schl\u00e4gt das Herz bei der Arbeit immer mit &#8211; bei uns schon in der zweiten Generation.<\/p>\n<p>Our passion and excitement for what we do, the pleasure of a satisfied customer, successful projects combined with a down-to-earth interaction with each other, form us as a team.<\/p>\n<h3>\n\t\tWe are different\n\t<\/h3>\n\t<p>Working together is not always easy but it only works when individuals grow together as a team. Besides tackling the daily challenges in our new head office, we organise other important and fun activities together: get-togethers at Carnival, funfairs, sports events, and several company events. These enable us not only to have fun but also to grow together as a unity in an informal manner that makes us the unique team that we are today.<\/p>\n<p><strong>We are Schiele, we are different!<\/strong><\/p>\n<h3>\n\t\tIndividual\n\t<\/h3>\n\t<p>Frei nach dem K\u00f6lschen Grundgesetz &#8222;jeder Jeck is anders&#8220; bringen alle Mitarbeiter ihre pers\u00f6nlichen St\u00e4rken ein &#8211; Der kreative Pool, mit dem f\u00fcr unsere Kunden individuelle L\u00f6sungen geschaffen werden.<\/p>\n<p>Mit einer Ausbildungsquote von \u00fcber 20% sichern wir unsere Leistungsf\u00e4higkeit und geben jungen Menschen die Grundlage f\u00fcr einen spannenden und fordernden Beruf &#8211; hier vor Ort oder weltweit im Einsatz bei Ihnen.<\/p>\n<h3>\n\t\tHigh-Tech<br \/> made in the Eifel\n\t<\/h3>\n\t<p>Das Feuer der Eifel-Vulkane, der Mut und die Leidenschaft der Formel-1 Piloten auf dem N\u00fcrburgring, der Genuss von herrlichen Weinen der Ahr, Rhein und Mosel, belebende Mineralw\u00e4sser und schmackhaftes Bier &#8211; und nat\u00fcrlich die wundersch\u00f6ne Natur &#8211; all das befl\u00fcgelt uns zu geistigen H\u00f6chstleistungen.<\/p>\n<p><strong>High Tech made in the Eifel <\/strong><\/p>\n<h2>\n\t\tContact\n\t<\/h2>\n<form action=\"\">\n\t<input type=\"hidden\" name=\"fl-layout-id\" value=\"148\" \/>\n    \t\t<label for=\"pp-name-\">Name<\/label>\n    \t\tBitte gib Deinen Namen ein.\n    \t\t<input type=\"text\" name=\"pp-name\" id=\"pp-name-\" value=\"\"  \/>\n    \t\t<label for=\"pp-email-\">E-Mail<\/label>\n    \t\tBitte gib eine valide E-Mail Adresse an.\n    \t\t<input type=\"email\" name=\"pp-email\" id=\"pp-email-\" value=\"\"  \/>\n    \t\t<label for=\"pp-phone-\">Phone<\/label>\n    \t\tBitte gib eine g\u00fcltige Telefonnummer an.\n    \t\t<input type=\"tel\" name=\"pp-phone\" id=\"pp-phone-\" value=\"\"  \/>\n    \t\t<label for=\"pp-message-\">Your Message<\/label>\n    \t\tPlease type your message.\n    \t\t<textarea name=\"pp-message\" id=\"pp-message-\"><\/textarea>\n\t\t<input type=\"checkbox\" name=\"pp-checkbox\" id=\"pp-checkbox_\" value=\"1\" \/>\n\t\t<label for=\"pp-checkbox_\">I am aware that my data information will be saved from this form.<\/label>\n\t\tPlease check this field.\n    \t<a href=\"#\" target=\"_self\" role=\"button\">\n    \t\t    \t\t    \t\tSEND\n    \t\t    \t\t    \t<\/a>\n\t\t\tNachricht gesendet!\n\t\t\tVersand fehlgeschlagen. Bitte versuche es noch einmal.\n<input type=\"hidden\" name=\"trp-form-language\" value=\"en\"\/><\/form>","protected":false},"excerpt":{"rendered":"<p>Wir sind Schiele \u00dcber uns Bei Familienunternehmen schl\u00e4gt das Herz bei der Arbeit immer mit &#8211; bei uns schon in der zweiten Generation. Unsere Leidenschaft und die Begeisterung f\u00fcr das was wir tun, die Freude \u00fcber einen zufriedenen Kunden und die gelungenen Projekte gepaart mit einem bodenst\u00e4ndigen Miteinander formt uns als Team. Wir sind anders&hellip;<\/p>","protected":false},"author":6,"featured_media":0,"parent":0,"menu_order":0,"comment_status":"closed","ping_status":"closed","template":"","meta":{"_acf_changed":false,"footnotes":""},"class_list":["post-148","page","type-page","status-publish","hentry"],"acf":[],"_links":{"self":[{"href":"http:\/\/schiele.de\/en\/wp-json\/wp\/v2\/pages\/148","targetHints":{"allow":["GET"]}}],"collection":[{"href":"http:\/\/schiele.de\/en\/wp-json\/wp\/v2\/pages"}],"about":[{"href":"http:\/\/schiele.de\/en\/wp-json\/wp\/v2\/types\/page"}],"author":[{"embeddable":true,"href":"http:\/\/schiele.de\/en\/wp-json\/wp\/v2\/users\/6"}],"replies":[{"embeddable":true,"href":"http:\/\/schiele.de\/en\/wp-json\/wp\/v2\/comments?post=148"}],"version-history":[{"count":4,"href":"http:\/\/schiele.de\/en\/wp-json\/wp\/v2\/pages\/148\/revisions"}],"predecessor-version":[{"id":3448,"href":"http:\/\/schiele.de\/en\/wp-json\/wp\/v2\/pages\/148\/revisions\/3448"}],"wp:attachment":[{"href":"http:\/\/schiele.de\/en\/wp-json\/wp\/v2\/media?parent=148"}],"curies":[{"name":"wp","href":"https:\/\/api.w.org\/{rel}","templated":true}]}}